{"id":28,"date":"2020-01-17T15:26:04","date_gmt":"2020-01-17T14:26:04","guid":{"rendered":"https:\/\/demosites.io\/web-agency\/?page_id=28"},"modified":"2026-03-21T19:45:47","modified_gmt":"2026-03-21T18:45:47","slug":"chi-siamo","status":"publish","type":"page","link":"https:\/\/innoxa.it\/?page_id=28","title":{"rendered":"Chi siamo"},"content":{"rendered":"\t\t<div data-elementor-type=\"wp-page\" data-elementor-id=\"28\" class=\"elementor elementor-28\" data-elementor-post-type=\"page\">\n\t\t\t\t\t\t<section class=\"elementor-section elementor-top-section elementor-element elementor-element-d58ea62 elementor-section-boxed elementor-section-height-default elementor-section-height-default\" data-id=\"d58ea62\" data-element_type=\"section\" data-e-type=\"section\" data-settings=\"{&quot;background_background&quot;:&quot;classic&quot;}\">\n\t\t\t\t\t\t<div class=\"elementor-container elementor-column-gap-default\">\n\t\t\t\t\t<div class=\"elementor-column elementor-col-50 elementor-top-column elementor-element elementor-element-978314f\" data-id=\"978314f\" data-element_type=\"column\" data-e-type=\"column\">\n\t\t\t<div class=\"elementor-widget-wrap elementor-element-populated\">\n\t\t\t\t\t\t<div class=\"elementor-element elementor-element-fe4411c elementor-widget elementor-widget-heading\" data-id=\"fe4411c\" data-element_type=\"widget\" data-e-type=\"widget\" data-widget_type=\"heading.default\">\n\t\t\t\t<div class=\"elementor-widget-container\">\n\t\t\t\t\t<h1 class=\"elementor-heading-title elementor-size-default\">Chi siamo<\/h1>\t\t\t\t<\/div>\n\t\t\t\t<\/div>\n\t\t\t\t\t<\/div>\n\t\t<\/div>\n\t\t\t\t<div class=\"elementor-column elementor-col-50 elementor-top-column elementor-element elementor-element-794c29e\" data-id=\"794c29e\" data-element_type=\"column\" data-e-type=\"column\">\n\t\t\t<div class=\"elementor-widget-wrap\">\n\t\t\t\t\t\t\t<\/div>\n\t\t<\/div>\n\t\t\t\t\t<\/div>\n\t\t<\/section>\n\t\t\t\t<section class=\"elementor-section elementor-top-section elementor-element elementor-element-4289a2a elementor-section-boxed elementor-section-height-default elementor-section-height-default\" data-id=\"4289a2a\" data-element_type=\"section\" data-e-type=\"section\" data-settings=\"{&quot;background_background&quot;:&quot;classic&quot;}\">\n\t\t\t\t\t\t<div class=\"elementor-container elementor-column-gap-default\">\n\t\t\t\t\t<div class=\"elementor-column elementor-col-50 elementor-top-column elementor-element elementor-element-180b719\" data-id=\"180b719\" data-element_type=\"column\" data-e-type=\"column\">\n\t\t\t<div class=\"elementor-widget-wrap elementor-element-populated\">\n\t\t\t\t\t\t<div class=\"elementor-element elementor-element-9c76e5e elementor-widget elementor-widget-image\" data-id=\"9c76e5e\" data-element_type=\"widget\" data-e-type=\"widget\" data-widget_type=\"image.default\">\n\t\t\t\t<div class=\"elementor-widget-container\">\n\t\t\t\t\t\t\t\t\t\t\t\t\t\t\t<img fetchpriority=\"high\" decoding=\"async\" width=\"641\" height=\"480\" src=\"https:\/\/innoxa.it\/wp-content\/uploads\/2022\/10\/clessidra.png\" class=\"attachment-large size-large wp-image-2951\" alt=\"\" srcset=\"https:\/\/innoxa.it\/wp-content\/uploads\/2022\/10\/clessidra.png 641w, https:\/\/innoxa.it\/wp-content\/uploads\/2022\/10\/clessidra-300x225.png 300w\" sizes=\"(max-width: 641px) 100vw, 641px\" \/>\t\t\t\t\t\t\t\t\t\t\t\t\t\t\t<\/div>\n\t\t\t\t<\/div>\n\t\t\t\t\t<\/div>\n\t\t<\/div>\n\t\t\t\t<div class=\"elementor-column elementor-col-50 elementor-top-column elementor-element elementor-element-b10cbf9\" data-id=\"b10cbf9\" data-element_type=\"column\" data-e-type=\"column\">\n\t\t\t<div class=\"elementor-widget-wrap elementor-element-populated\">\n\t\t\t\t\t\t<div class=\"elementor-element elementor-element-291533d elementor-widget elementor-widget-heading\" data-id=\"291533d\" data-element_type=\"widget\" data-e-type=\"widget\" data-widget_type=\"heading.default\">\n\t\t\t\t<div class=\"elementor-widget-container\">\n\t\t\t\t\t<h3 class=\"elementor-heading-title elementor-size-default\">La nostra storia: da iNNOVA.tel a innoXa<\/h3>\t\t\t\t<\/div>\n\t\t\t\t<\/div>\n\t\t\t\t<div class=\"elementor-element elementor-element-5e04df4 elementor-widget elementor-widget-text-editor\" data-id=\"5e04df4\" data-element_type=\"widget\" data-e-type=\"widget\" data-widget_type=\"text-editor.default\">\n\t\t\t\t<div class=\"elementor-widget-container\">\n\t\t\t\t\t\t\t\t\t<p data-path-to-node=\"4\"><b data-path-to-node=\"4\" data-index-in-node=\"0\">Le radici: Competenza e Territorio<br \/><\/b> La storia di <b data-path-to-node=\"4\" data-index-in-node=\"48\">innoXa<\/b>\u00a0affonda le radici in oltre quindici anni di innovazione tecnologica nel panorama italiano. Tutto inizia nel <b data-path-to-node=\"4\" data-index-in-node=\"163\">2010<\/b> con la nascita di Wiremax, frutto del progetto &#8220;FastLAN&#8221;, che in breve tempo si afferma come player di riferimento nelle telecomunicazioni Radiolan. Questo DNA tecnico, consolidato sotto l&#8217;ala del <b data-path-to-node=\"4\" data-index-in-node=\"365\">Gruppo AX3<\/b> dal 2014, ha permesso di costruire una rete solida, affidabile e profondamente legata al territorio.<br \/><b data-path-to-node=\"5\" data-index-in-node=\"0\">La crescita: Una dimensione nazionale<br \/><\/b> Il 2019 ha segnato una tappa decisiva: grazie a importanti investimenti strutturali e alla presenza su reti proprietarie e infrastrutture Fibercop e Open Fiber, l&#8217;operatore ha raggiunto una scala nazionale assumendo il nome di <b data-path-to-node=\"5\" data-index-in-node=\"265\">iNNOVA.tel<\/b>. In questi anni abbiamo connesso migliaia di famiglie, portando la banda ultra-larga ovunque ci fosse bisogno di velocit\u00e0 e stabilit\u00e0.<br \/><b data-path-to-node=\"6\" data-index-in-node=\"0\">Il presente: 2026, nasce innoXa<br \/><\/b> Nel corso degli anni, abbiamo ascoltato le esigenze dei nostri utenti, comprendendo che la sola connettivit\u00e0 non era pi\u00f9 sufficiente a garantire una vita digitale serena. Dopo la scissione del 2023 (che ha visto Wiremax specializzarsi nel settore Premium Business), abbiamo lavorato a un progetto ambizioso di integrazione tra telecomunicazioni e domotica.<br \/><b data-path-to-node=\"7\" data-index-in-node=\"0\">Nel 2026, iNNOVA.tel compie il suo passo definitivo e si evolve in innoXa.<\/b> <br \/>Oggi, <b data-path-to-node=\"7\" data-index-in-node=\"80\">innoXa<\/b> rappresenta il superamento del concetto di semplice Internet Service Provider. Non vendiamo pi\u00f9 solo &#8220;Giga&#8221;, ma offriamo uno <b data-path-to-node=\"7\" data-index-in-node=\"212\">stile di vita tecnologico<\/b>. Abbiamo unito la nostra fibra ultra-veloce a sistemi di sicurezza intelligenti e soluzioni domotiche modulari, per offrirti una casa che non \u00e8 solo connessa, ma protetta e facile da gestire.<\/p>\t\t\t\t\t\t\t\t<\/div>\n\t\t\t\t<\/div>\n\t\t\t\t\t<\/div>\n\t\t<\/div>\n\t\t\t\t\t<\/div>\n\t\t<\/section>\n\t\t\t\t<section class=\"elementor-section elementor-top-section elementor-element elementor-element-3ba47cd elementor-section-boxed elementor-section-height-default elementor-section-height-default\" data-id=\"3ba47cd\" data-element_type=\"section\" data-e-type=\"section\" data-settings=\"{&quot;background_background&quot;:&quot;classic&quot;}\">\n\t\t\t\t\t\t<div class=\"elementor-container elementor-column-gap-default\">\n\t\t\t\t\t<div class=\"elementor-column elementor-col-50 elementor-top-column elementor-element elementor-element-1d6aef9\" data-id=\"1d6aef9\" data-element_type=\"column\" data-e-type=\"column\">\n\t\t\t<div class=\"elementor-widget-wrap elementor-element-populated\">\n\t\t\t\t\t\t<div class=\"elementor-element elementor-element-6a6214e elementor-widget elementor-widget-heading\" data-id=\"6a6214e\" data-element_type=\"widget\" data-e-type=\"widget\" data-widget_type=\"heading.default\">\n\t\t\t\t<div class=\"elementor-widget-container\">\n\t\t\t\t\t<h3 class=\"elementor-heading-title elementor-size-default\">Perche siamo diversi: oltre i Giga, dentro la tua casa.<\/h3>\t\t\t\t<\/div>\n\t\t\t\t<\/div>\n\t\t\t\t<div class=\"elementor-element elementor-element-5a86f5a elementor-widget elementor-widget-text-editor\" data-id=\"5a86f5a\" data-element_type=\"widget\" data-e-type=\"widget\" data-widget_type=\"text-editor.default\">\n\t\t\t\t<div class=\"elementor-widget-container\">\n\t\t\t\t\t\t\t\t\t<p data-path-to-node=\"4\"><b data-path-to-node=\"4\" data-index-in-node=\"0\">L\u2019esperienza che si evolve<\/b> <br \/>innoXa nasce da un\u2019esperienza ultra-decennale nel settore internet, un mondo tecnicamente complesso dove abbiamo imparato la lezione pi\u00f9 importante: <b data-path-to-node=\"4\" data-index-in-node=\"176\">ascoltare<\/b>. Non ci siamo fermati all&#8217;erogazione di un servizio, abbiamo scelto di capire come quel servizio potesse davvero migliorare la tua quotidianit\u00e0.<br \/><b data-path-to-node=\"5\" data-index-in-node=\"0\">Trasparenza senza compromessi<br \/><\/b> In un mercato saturo di offerte poco chiare e costi nascosti, noi abbiamo scelto la semplicit\u00e0. Abbiamo abolito i contratti infiniti e i vincoli burocratici per diventare <b data-path-to-node=\"5\" data-index-in-node=\"201\">l&#8217;operatore della porta accanto<\/b>. Essere &#8220;diversi&#8221; per noi significa stare dalla tua parte, parlando la tua lingua e garantendoti la libert\u00e0 che meriti.<br \/><b data-path-to-node=\"6\" data-index-in-node=\"0\">Dalla tua parte, nella tua famiglia<br \/><\/b> Ci siamo fatti spazio nelle case degli italiani non con la pubblicit\u00e0 urlata, ma con il passaparola di chi si \u00e8 sentito finalmente compreso. Siamo entrati a far parte delle vostre famiglie non come semplici fornitori, ma come il supporto tecnologico su cui contare.<br \/><b data-path-to-node=\"7\" data-index-in-node=\"0\">Uno stile di vita, non solo una connessione<br \/><\/b> Oggi la nostra diversit\u00e0 fa un passo avanti. Non ci accontentiamo di darti i Giga; vogliamo darti la serenit\u00e0. Abbiamo unito la nostra fibra alla sicurezza e alla domotica per offrirti uno <b data-path-to-node=\"7\" data-index-in-node=\"233\">stile di vita tecnologico<\/b> che sia, allo stesso tempo, umano e d&#8217;avanguardia.<\/p><p data-path-to-node=\"8\">Non promettiamo la perfezione, ma promettiamo una dedizione totale alle tue esigenze. Siamo diversi perch\u00e9 abbiamo scelto di essere <b data-path-to-node=\"8\" data-index-in-node=\"132\">tua scelta di libert\u00e0 e protezione.<\/b><\/p>\t\t\t\t\t\t\t\t<\/div>\n\t\t\t\t<\/div>\n\t\t\t\t\t<\/div>\n\t\t<\/div>\n\t\t\t\t<div class=\"elementor-column elementor-col-50 elementor-top-column elementor-element elementor-element-0666b8c\" data-id=\"0666b8c\" data-element_type=\"column\" data-e-type=\"column\">\n\t\t\t<div class=\"elementor-widget-wrap elementor-element-populated\">\n\t\t\t\t\t\t<div class=\"elementor-element elementor-element-8c20997 elementor-widget elementor-widget-image\" data-id=\"8c20997\" data-element_type=\"widget\" data-e-type=\"widget\" data-widget_type=\"image.default\">\n\t\t\t\t<div class=\"elementor-widget-container\">\n\t\t\t\t\t\t\t\t\t\t\t\t\t\t\t<img decoding=\"async\" width=\"1000\" height=\"667\" src=\"https:\/\/innoxa.it\/wp-content\/uploads\/2022\/10\/ombrello.png\" class=\"attachment-large size-large wp-image-2959\" alt=\"\" srcset=\"https:\/\/innoxa.it\/wp-content\/uploads\/2022\/10\/ombrello.png 1000w, https:\/\/innoxa.it\/wp-content\/uploads\/2022\/10\/ombrello-300x200.png 300w, https:\/\/innoxa.it\/wp-content\/uploads\/2022\/10\/ombrello-768x512.png 768w, https:\/\/innoxa.it\/wp-content\/uploads\/2022\/10\/ombrello-930x620.png 930w\" sizes=\"(max-width: 1000px) 100vw, 1000px\" \/>\t\t\t\t\t\t\t\t\t\t\t\t\t\t\t<\/div>\n\t\t\t\t<\/div>\n\t\t\t\t\t<\/div>\n\t\t<\/div>\n\t\t\t\t\t<\/div>\n\t\t<\/section>\n\t\t\t\t<section class=\"elementor-section elementor-top-section elementor-element elementor-element-834445e elementor-section-boxed elementor-section-height-default elementor-section-height-default\" data-id=\"834445e\" data-element_type=\"section\" data-e-type=\"section\">\n\t\t\t\t\t\t<div class=\"elementor-container elementor-column-gap-default\">\n\t\t\t\t\t<div class=\"elementor-column elementor-col-33 elementor-top-column elementor-element elementor-element-b6760f2\" data-id=\"b6760f2\" data-element_type=\"column\" data-e-type=\"column\">\n\t\t\t<div class=\"elementor-widget-wrap elementor-element-populated\">\n\t\t\t\t\t\t<div class=\"elementor-element elementor-element-7b898e3 elementor-widget elementor-widget-image\" data-id=\"7b898e3\" data-element_type=\"widget\" data-e-type=\"widget\" data-widget_type=\"image.default\">\n\t\t\t\t<div class=\"elementor-widget-container\">\n\t\t\t\t\t\t\t\t\t\t\t\t\t\t\t<img decoding=\"async\" width=\"1024\" height=\"180\" src=\"https:\/\/innoxa.it\/wp-content\/uploads\/2020\/10\/agcom_logo-1024x180.png\" class=\"attachment-large size-large wp-image-150\" alt=\"\" srcset=\"https:\/\/innoxa.it\/wp-content\/uploads\/2020\/10\/agcom_logo-1024x180.png 1024w, https:\/\/innoxa.it\/wp-content\/uploads\/2020\/10\/agcom_logo-300x53.png 300w, https:\/\/innoxa.it\/wp-content\/uploads\/2020\/10\/agcom_logo-768x135.png 768w, https:\/\/innoxa.it\/wp-content\/uploads\/2020\/10\/agcom_logo-1536x270.png 1536w, https:\/\/innoxa.it\/wp-content\/uploads\/2020\/10\/agcom_logo.png 1600w\" sizes=\"(max-width: 1024px) 100vw, 1024px\" \/>\t\t\t\t\t\t\t\t\t\t\t\t\t\t\t<\/div>\n\t\t\t\t<\/div>\n\t\t\t\t<div class=\"elementor-element elementor-element-85a8e33 elementor-position-inline-start elementor-view-default elementor-mobile-position-block-start elementor-widget elementor-widget-icon-box\" data-id=\"85a8e33\" data-element_type=\"widget\" data-e-type=\"widget\" data-widget_type=\"icon-box.default\">\n\t\t\t\t<div class=\"elementor-widget-container\">\n\t\t\t\t\t\t\t<div class=\"elementor-icon-box-wrapper\">\n\n\t\t\t\t\t\t<div class=\"elementor-icon-box-icon\">\n\t\t\t\t<span  class=\"elementor-icon\">\n\t\t\t\t<i aria-hidden=\"true\" class=\"fas fa-check\"><\/i>\t\t\t\t<\/span>\n\t\t\t<\/div>\n\t\t\t\n\t\t\t\t\t\t<div class=\"elementor-icon-box-content\">\n\n\t\t\t\t\t\t\t\t\t<h3 class=\"elementor-icon-box-title\">\n\t\t\t\t\t\t<span  >\n\t\t\t\t\t\t\tOperatore autorizzato\t\t\t\t\t\t<\/span>\n\t\t\t\t\t<\/h3>\n\t\t\t\t\n\t\t\t\t\t\t\t\t\t<p class=\"elementor-icon-box-description\">\n\t\t\t\t\t\tCon provvedimento del MISE prot.57780 del 27\/09\/2017 siamo titolari delle seguenti autorizzazioni:\n- Autorizzazione generale per la fornitura di servizi di comunicazione elettronica;\n- Autorizzazione per la fornitura al pubblico di accesso RadioLAN alle reti ed ai servizi di telecomunicazioni.\n<br><br>Con provvedimento 224\/17 prot.50492 del 02\/10\/2017 di CORECOM SICILIA siamo iscritti al Registro Operatori di Comunicazione di AGCOM al numero 30314.\t\t\t\t\t<\/p>\n\t\t\t\t\n\t\t\t<\/div>\n\t\t\t\n\t\t<\/div>\n\t\t\t\t\t\t<\/div>\n\t\t\t\t<\/div>\n\t\t\t\t\t<\/div>\n\t\t<\/div>\n\t\t\t\t<div class=\"elementor-column elementor-col-33 elementor-top-column elementor-element elementor-element-65d464a\" data-id=\"65d464a\" data-element_type=\"column\" data-e-type=\"column\">\n\t\t\t<div class=\"elementor-widget-wrap elementor-element-populated\">\n\t\t\t\t\t\t<div class=\"elementor-element elementor-element-e613a32 elementor-widget elementor-widget-image\" data-id=\"e613a32\" data-element_type=\"widget\" data-e-type=\"widget\" data-widget_type=\"image.default\">\n\t\t\t\t<div class=\"elementor-widget-container\">\n\t\t\t\t\t\t\t\t\t\t\t\t\t\t\t<img loading=\"lazy\" decoding=\"async\" width=\"300\" height=\"60\" src=\"https:\/\/innoxa.it\/wp-content\/uploads\/2022\/10\/fibercop_affilato-e1665267950321-300x60.jpg\" class=\"attachment-medium size-medium wp-image-2973\" alt=\"\" \/>\t\t\t\t\t\t\t\t\t\t\t\t\t\t\t<\/div>\n\t\t\t\t<\/div>\n\t\t\t\t<div class=\"elementor-element elementor-element-9fdd4b0 elementor-position-inline-start elementor-view-default elementor-mobile-position-block-start elementor-widget elementor-widget-icon-box\" data-id=\"9fdd4b0\" data-element_type=\"widget\" data-e-type=\"widget\" data-widget_type=\"icon-box.default\">\n\t\t\t\t<div class=\"elementor-widget-container\">\n\t\t\t\t\t\t\t<div class=\"elementor-icon-box-wrapper\">\n\n\t\t\t\t\t\t<div class=\"elementor-icon-box-icon\">\n\t\t\t\t<span  class=\"elementor-icon\">\n\t\t\t\t<i aria-hidden=\"true\" class=\"fas fa-globe\"><\/i>\t\t\t\t<\/span>\n\t\t\t<\/div>\n\t\t\t\n\t\t\t\t\t\t<div class=\"elementor-icon-box-content\">\n\n\t\t\t\t\t\t\t\t\t<h3 class=\"elementor-icon-box-title\">\n\t\t\t\t\t\t<span  >\n\t\t\t\t\t\t\tPartner Fibercop\t\t\t\t\t\t<\/span>\n\t\t\t\t\t<\/h3>\n\t\t\t\t\n\t\t\t\t\t\t\t\t\t<p class=\"elementor-icon-box-description\">\n\t\t\t\t\t\tSiamo partner Fibercop (TIM) e pertanto possiamo erogare i nostri servizi su tutte le reti FTTC ed FTTH nazionali da loro gestite.<br><br>\t\t\t\t\t<\/p>\n\t\t\t\t\n\t\t\t<\/div>\n\t\t\t\n\t\t<\/div>\n\t\t\t\t\t\t<\/div>\n\t\t\t\t<\/div>\n\t\t\t\t<div class=\"elementor-element elementor-element-a251443 elementor-widget elementor-widget-image\" data-id=\"a251443\" data-element_type=\"widget\" data-e-type=\"widget\" data-widget_type=\"image.default\">\n\t\t\t\t<div class=\"elementor-widget-container\">\n\t\t\t\t\t\t\t\t\t\t\t\t\t\t\t<img loading=\"lazy\" decoding=\"async\" width=\"300\" height=\"59\" src=\"https:\/\/innoxa.it\/wp-content\/uploads\/2022\/10\/colored-logo_f5629488-e1665267984646-300x59.png\" class=\"attachment-medium size-medium wp-image-2974\" alt=\"\" srcset=\"https:\/\/innoxa.it\/wp-content\/uploads\/2022\/10\/colored-logo_f5629488-e1665267984646-300x59.png 300w, https:\/\/innoxa.it\/wp-content\/uploads\/2022\/10\/colored-logo_f5629488-e1665267984646.png 307w\" sizes=\"(max-width: 300px) 100vw, 300px\" \/>\t\t\t\t\t\t\t\t\t\t\t\t\t\t\t<\/div>\n\t\t\t\t<\/div>\n\t\t\t\t<div class=\"elementor-element elementor-element-29a3a39 elementor-position-inline-start elementor-view-default elementor-mobile-position-block-start elementor-widget elementor-widget-icon-box\" data-id=\"29a3a39\" data-element_type=\"widget\" data-e-type=\"widget\" data-widget_type=\"icon-box.default\">\n\t\t\t\t<div class=\"elementor-widget-container\">\n\t\t\t\t\t\t\t<div class=\"elementor-icon-box-wrapper\">\n\n\t\t\t\t\t\t<div class=\"elementor-icon-box-icon\">\n\t\t\t\t<span  class=\"elementor-icon\">\n\t\t\t\t<i aria-hidden=\"true\" class=\"fas fa-globe\"><\/i>\t\t\t\t<\/span>\n\t\t\t<\/div>\n\t\t\t\n\t\t\t\t\t\t<div class=\"elementor-icon-box-content\">\n\n\t\t\t\t\t\t\t\t\t<h3 class=\"elementor-icon-box-title\">\n\t\t\t\t\t\t<span  >\n\t\t\t\t\t\t\tPartner Open Fiber\t\t\t\t\t\t<\/span>\n\t\t\t\t\t<\/h3>\n\t\t\t\t\n\t\t\t\t\t\t\t\t\t<p class=\"elementor-icon-box-description\">\n\t\t\t\t\t\tSiamo partner Openfiber e pertanto possiamo erogare i nostri servizi su tutte le reti FTTH nazionali da loro gestite.\t\t\t\t\t<\/p>\n\t\t\t\t\n\t\t\t<\/div>\n\t\t\t\n\t\t<\/div>\n\t\t\t\t\t\t<\/div>\n\t\t\t\t<\/div>\n\t\t\t\t\t<\/div>\n\t\t<\/div>\n\t\t\t\t<div class=\"elementor-column elementor-col-33 elementor-top-column elementor-element elementor-element-fc1d2b8\" data-id=\"fc1d2b8\" data-element_type=\"column\" data-e-type=\"column\">\n\t\t\t<div class=\"elementor-widget-wrap elementor-element-populated\">\n\t\t\t\t\t\t<div class=\"elementor-element elementor-element-664f6b6 elementor-widget elementor-widget-image\" data-id=\"664f6b6\" data-element_type=\"widget\" data-e-type=\"widget\" data-widget_type=\"image.default\">\n\t\t\t\t<div class=\"elementor-widget-container\">\n\t\t\t\t\t\t\t\t\t\t\t\t\t\t\t\t<a href=\"https:\/\/www.ax3.it\" target=\"_blank\">\n\t\t\t\t\t\t\t<img loading=\"lazy\" decoding=\"async\" width=\"300\" height=\"212\" src=\"https:\/\/innoxa.it\/wp-content\/uploads\/2020\/10\/ax3-300x212.png\" class=\"attachment-medium size-medium wp-image-153\" alt=\"\" srcset=\"https:\/\/innoxa.it\/wp-content\/uploads\/2020\/10\/ax3-300x212.png 300w, https:\/\/innoxa.it\/wp-content\/uploads\/2020\/10\/ax3-e1665268107313.png 85w\" sizes=\"(max-width: 300px) 100vw, 300px\" \/>\t\t\t\t\t\t\t\t<\/a>\n\t\t\t\t\t\t\t\t\t\t\t\t\t\t\t<\/div>\n\t\t\t\t<\/div>\n\t\t\t\t<div class=\"elementor-element elementor-element-cda6012 elementor-position-inline-start elementor-view-default elementor-mobile-position-block-start elementor-widget elementor-widget-icon-box\" data-id=\"cda6012\" data-element_type=\"widget\" data-e-type=\"widget\" data-widget_type=\"icon-box.default\">\n\t\t\t\t<div class=\"elementor-widget-container\">\n\t\t\t\t\t\t\t<div class=\"elementor-icon-box-wrapper\">\n\n\t\t\t\t\t\t<div class=\"elementor-icon-box-icon\">\n\t\t\t\t<span  class=\"elementor-icon\">\n\t\t\t\t<i aria-hidden=\"true\" class=\"fas fa-chart-pie\"><\/i>\t\t\t\t<\/span>\n\t\t\t<\/div>\n\t\t\t\n\t\t\t\t\t\t<div class=\"elementor-icon-box-content\">\n\n\t\t\t\t\t\t\t\t\t<h3 class=\"elementor-icon-box-title\">\n\t\t\t\t\t\t<span  >\n\t\t\t\t\t\t\tGruppo AX3\t\t\t\t\t\t<\/span>\n\t\t\t\t\t<\/h3>\n\t\t\t\t\n\t\t\t\t\t\t\t\t\t<p class=\"elementor-icon-box-description\">\n\t\t\t\t\t\tSiamo un marchio operativo della societ\u00e0 AX3 HOLDING S.r.l. - P.IVA 05199400879.<br><br>AX3 \u00e8 un gruppo societario solido e radicato che garantisce alle proprie realt\u00e0 massima autonomia operativa e un'indiscussa autorevolezza di mercato.\n<br><br>La nostra strategia mette al centro le reali esigenze della clientela attraverso l'impiego di tecnologie proprietarie e modelli gestionali d'avanguardia. Far parte di AX3 permette all'operatore di \"fare la differenza\": un'evoluzione rapida, efficiente e proattiva, capace di dominare la complessit\u00e0 di mercati in costante trasformazione.\t\t\t\t\t<\/p>\n\t\t\t\t\n\t\t\t<\/div>\n\t\t\t\n\t\t<\/div>\n\t\t\t\t\t\t<\/div>\n\t\t\t\t<\/div>\n\t\t\t\t\t<\/div>\n\t\t<\/div>\n\t\t\t\t\t<\/div>\n\t\t<\/section>\n\t\t\t\t<section class=\"elementor-section elementor-top-section elementor-element elementor-element-d068508 elementor-section-boxed elementor-section-height-default elementor-section-height-default\" data-id=\"d068508\" data-element_type=\"section\" data-e-type=\"section\" data-settings=\"{&quot;background_background&quot;:&quot;classic&quot;}\">\n\t\t\t\t\t\t<div class=\"elementor-container elementor-column-gap-default\">\n\t\t\t\t\t<div class=\"elementor-column elementor-col-50 elementor-top-column elementor-element elementor-element-0254547\" data-id=\"0254547\" data-element_type=\"column\" data-e-type=\"column\">\n\t\t\t<div class=\"elementor-widget-wrap elementor-element-populated\">\n\t\t\t\t\t\t<div class=\"elementor-element elementor-element-2629a50 elementor-widget elementor-widget-image\" data-id=\"2629a50\" data-element_type=\"widget\" data-e-type=\"widget\" data-widget_type=\"image.default\">\n\t\t\t\t<div class=\"elementor-widget-container\">\n\t\t\t\t\t\t\t\t\t\t\t\t\t\t\t<img loading=\"lazy\" decoding=\"async\" width=\"979\" height=\"640\" src=\"https:\/\/innoxa.it\/wp-content\/uploads\/2022\/10\/idea.png\" class=\"attachment-large size-large wp-image-2994\" alt=\"\" srcset=\"https:\/\/innoxa.it\/wp-content\/uploads\/2022\/10\/idea.png 979w, https:\/\/innoxa.it\/wp-content\/uploads\/2022\/10\/idea-300x196.png 300w, https:\/\/innoxa.it\/wp-content\/uploads\/2022\/10\/idea-768x502.png 768w\" sizes=\"(max-width: 979px) 100vw, 979px\" \/>\t\t\t\t\t\t\t\t\t\t\t\t\t\t\t<\/div>\n\t\t\t\t<\/div>\n\t\t\t\t\t<\/div>\n\t\t<\/div>\n\t\t\t\t<div class=\"elementor-column elementor-col-50 elementor-top-column elementor-element elementor-element-a5a776e\" data-id=\"a5a776e\" data-element_type=\"column\" data-e-type=\"column\">\n\t\t\t<div class=\"elementor-widget-wrap elementor-element-populated\">\n\t\t\t\t\t\t<div class=\"elementor-element elementor-element-da48f7b elementor-widget elementor-widget-heading\" data-id=\"da48f7b\" data-element_type=\"widget\" data-e-type=\"widget\" data-widget_type=\"heading.default\">\n\t\t\t\t<div class=\"elementor-widget-container\">\n\t\t\t\t\t<h3 class=\"elementor-heading-title elementor-size-default\">Il domani inizia oggi<\/h3>\t\t\t\t<\/div>\n\t\t\t\t<\/div>\n\t\t\t\t<div class=\"elementor-element elementor-element-e0691bf elementor-widget elementor-widget-text-editor\" data-id=\"e0691bf\" data-element_type=\"widget\" data-e-type=\"widget\" data-widget_type=\"text-editor.default\">\n\t\t\t\t<div class=\"elementor-widget-container\">\n\t\t\t\t\t\t\t\t\t<p data-path-to-node=\"4\">Questa evoluzione non \u00e8 solo un traguardo aziendale, ma una promessa che facciamo a ogni nostro cliente.<\/p><p data-path-to-node=\"4\">Nel 2026, <b data-path-to-node=\"4\" data-index-in-node=\"115\">innoXa<\/b> non si limita a fornire una connessione: apre le porte a un nuovo modo di abitare, dove la tecnologia \u00e8 invisibile, discreta e sempre al tuo servizio.<\/p><p data-path-to-node=\"5\">Siamo pronti a scrivere insieme il prossimo capitolo della nostra storia. Non scegliere solo un operatore, scegli un partner che guardi lontano.<\/p><p data-path-to-node=\"5\"><b data-path-to-node=\"5\" data-index-in-node=\"145\">Benvenuto nel futuro. <\/b><b data-path-to-node=\"5\" data-index-in-node=\"145\">Benvenuto in innoXa.<\/b><\/p>\t\t\t\t\t\t\t\t<\/div>\n\t\t\t\t<\/div>\n\t\t\t\t\t<\/div>\n\t\t<\/div>\n\t\t\t\t\t<\/div>\n\t\t<\/section>\n\t\t\t\t<\/div>\n\t\t","protected":false},"excerpt":{"rendered":"<p>Chi siamo La nostra storia: da iNNOVA.tel a innoXa Le radici: Competenza e Territorio La storia di innoXa\u00a0affonda le radici in oltre quindici anni di innovazione tecnologica nel panorama italiano. Tutto inizia nel 2010 con la nascita di Wiremax, frutto del progetto &#8220;FastLAN&#8221;, che in breve tempo si afferma come player di riferimento nelle telecomunicazioni&hellip;&nbsp;<a href=\"https:\/\/innoxa.it\/?page_id=28\" rel=\"bookmark\">Leggi tutto &raquo;<span class=\"screen-reader-text\">Chi siamo<\/span><\/a><\/p>\n","protected":false},"author":1,"featured_media":0,"parent":0,"menu_order":0,"comment_status":"closed","ping_status":"closed","template":"elementor_header_footer","meta":{"neve_meta_sidebar":"full-width","neve_meta_container":"","neve_meta_enable_content_width":"on","neve_meta_content_width":100,"neve_meta_title_alignment":"","neve_meta_author_avatar":"","neve_post_elements_order":"","neve_meta_disable_header":"","neve_meta_disable_footer":"","neve_meta_disable_title":"","footnotes":""},"class_list":["post-28","page","type-page","status-publish","hentry"],"_links":{"self":[{"href":"https:\/\/innoxa.it\/index.php?rest_route=\/wp\/v2\/pages\/28","targetHints":{"allow":["GET"]}}],"collection":[{"href":"https:\/\/innoxa.it\/index.php?rest_route=\/wp\/v2\/pages"}],"about":[{"href":"https:\/\/innoxa.it\/index.php?rest_route=\/wp\/v2\/types\/page"}],"author":[{"embeddable":true,"href":"https:\/\/innoxa.it\/index.php?rest_route=\/wp\/v2\/users\/1"}],"replies":[{"embeddable":true,"href":"https:\/\/innoxa.it\/index.php?rest_route=%2Fwp%2Fv2%2Fcomments&post=28"}],"version-history":[{"count":177,"href":"https:\/\/innoxa.it\/index.php?rest_route=\/wp\/v2\/pages\/28\/revisions"}],"predecessor-version":[{"id":5594,"href":"https:\/\/innoxa.it\/index.php?rest_route=\/wp\/v2\/pages\/28\/revisions\/5594"}],"wp:attachment":[{"href":"https:\/\/innoxa.it\/index.php?rest_route=%2Fwp%2Fv2%2Fmedia&parent=28"}],"curies":[{"name":"wp","href":"https:\/\/api.w.org\/{rel}","templated":true}]}}