{"id":1978,"date":"2021-11-06T18:51:21","date_gmt":"2021-11-06T17:51:21","guid":{"rendered":"https:\/\/www.innova-tel.it\/?page_id=1978"},"modified":"2026-02-01T10:10:45","modified_gmt":"2026-02-01T09:10:45","slug":"configurazione-della-linea","status":"publish","type":"page","link":"https:\/\/innoxa.it\/?page_id=1978","title":{"rendered":"Configurazione della linea"},"content":{"rendered":"\t\t<div data-elementor-type=\"wp-page\" data-elementor-id=\"1978\" class=\"elementor elementor-1978\" data-elementor-post-type=\"page\">\n\t\t\t\t\t\t<section class=\"elementor-section elementor-top-section elementor-element elementor-element-d58ea62 elementor-section-boxed elementor-section-height-default elementor-section-height-default\" data-id=\"d58ea62\" data-element_type=\"section\" data-e-type=\"section\" data-settings=\"{&quot;background_background&quot;:&quot;classic&quot;}\">\n\t\t\t\t\t\t<div class=\"elementor-container elementor-column-gap-default\">\n\t\t\t\t\t<div class=\"elementor-column elementor-col-50 elementor-top-column elementor-element elementor-element-978314f\" data-id=\"978314f\" data-element_type=\"column\" data-e-type=\"column\">\n\t\t\t<div class=\"elementor-widget-wrap elementor-element-populated\">\n\t\t\t\t\t\t<div class=\"elementor-element elementor-element-1964bbd elementor-widget elementor-widget-heading\" data-id=\"1964bbd\" data-element_type=\"widget\" data-e-type=\"widget\" data-widget_type=\"heading.default\">\n\t\t\t\t<div class=\"elementor-widget-container\">\n\t\t\t\t\t<h2 class=\"elementor-heading-title elementor-size-default\">Configurazione della linea<\/h2>\t\t\t\t<\/div>\n\t\t\t\t<\/div>\n\t\t\t\t\t<\/div>\n\t\t<\/div>\n\t\t\t\t<div class=\"elementor-column elementor-col-50 elementor-top-column elementor-element elementor-element-794c29e\" data-id=\"794c29e\" data-element_type=\"column\" data-e-type=\"column\">\n\t\t\t<div class=\"elementor-widget-wrap elementor-element-populated\">\n\t\t\t\t\t\t<div class=\"elementor-element elementor-element-7ff9048 elementor-view-default elementor-widget elementor-widget-icon\" data-id=\"7ff9048\" data-element_type=\"widget\" data-e-type=\"widget\" data-widget_type=\"icon.default\">\n\t\t\t\t<div class=\"elementor-widget-container\">\n\t\t\t\t\t\t\t<div class=\"elementor-icon-wrapper\">\n\t\t\t<div class=\"elementor-icon\">\n\t\t\t<i aria-hidden=\"true\" class=\"fas fa-tachometer-alt\"><\/i>\t\t\t<\/div>\n\t\t<\/div>\n\t\t\t\t\t\t<\/div>\n\t\t\t\t<\/div>\n\t\t\t\t\t<\/div>\n\t\t<\/div>\n\t\t\t\t\t<\/div>\n\t\t<\/section>\n\t\t\t\t<section class=\"elementor-section elementor-top-section elementor-element elementor-element-8b49262 elementor-section-boxed elementor-section-height-default elementor-section-height-default\" data-id=\"8b49262\" data-element_type=\"section\" data-e-type=\"section\">\n\t\t\t\t\t\t<div class=\"elementor-container elementor-column-gap-default\">\n\t\t\t\t\t<div class=\"elementor-column elementor-col-100 elementor-top-column elementor-element elementor-element-f2c606e\" data-id=\"f2c606e\" data-element_type=\"column\" data-e-type=\"column\">\n\t\t\t<div class=\"elementor-widget-wrap elementor-element-populated\">\n\t\t\t\t\t\t<div class=\"elementor-element elementor-element-dc6d854 elementor-widget elementor-widget-text-editor\" data-id=\"dc6d854\" data-element_type=\"widget\" data-e-type=\"widget\" data-widget_type=\"text-editor.default\">\n\t\t\t\t<div class=\"elementor-widget-container\">\n\t\t\t\t\t\t\t\t\t<p>Di seguito alcuni consigli utili per ottimizzare la connessione innoXa<\/p>\t\t\t\t\t\t\t\t<\/div>\n\t\t\t\t<\/div>\n\t\t\t\t\t<\/div>\n\t\t<\/div>\n\t\t\t\t\t<\/div>\n\t\t<\/section>\n\t\t\t\t<section class=\"elementor-section elementor-top-section elementor-element elementor-element-5baf90c elementor-section-boxed elementor-section-height-default elementor-section-height-default\" data-id=\"5baf90c\" data-element_type=\"section\" data-e-type=\"section\">\n\t\t\t\t\t\t<div class=\"elementor-container elementor-column-gap-default\">\n\t\t\t\t\t<div class=\"elementor-column elementor-col-66 elementor-top-column elementor-element elementor-element-837b373\" data-id=\"837b373\" data-element_type=\"column\" data-e-type=\"column\">\n\t\t\t<div class=\"elementor-widget-wrap elementor-element-populated\">\n\t\t\t\t\t\t<div class=\"elementor-element elementor-element-8368292 elementor-widget elementor-widget-text-editor\" data-id=\"8368292\" data-element_type=\"widget\" data-e-type=\"widget\" data-widget_type=\"text-editor.default\">\n\t\t\t\t<div class=\"elementor-widget-container\">\n\t\t\t\t\t\t\t\t\t<p><strong>Ottimizzazioni per PC\/Notebook con Windows<\/strong><\/p><ul><li>Consigliamo di eseguire (come amministratore) la seguente applicazione:<br \/><a href=\"https:\/\/www.speedguide.net\/files\/TCPOptimizer.exe\">TCP Optimizer<\/a><br \/>I parametri da impostare sono i seguenti<br \/>&#8211; Velocit\u00e0 massima (100+)<br \/>&#8211; In basso: Optimal<br \/>&#8211; Applicare e riavviare il PC<\/li><li>Non utilizzare pacchetti antivirus che contengono firewall integrati o applicano limitazioni\/filtri sulla connettivit\u00e0, si consiglia di utilizzare solo Windows Defender<\/li><\/ul>\t\t\t\t\t\t\t\t<\/div>\n\t\t\t\t<\/div>\n\t\t\t\t\t<\/div>\n\t\t<\/div>\n\t\t\t\t<div class=\"elementor-column elementor-col-33 elementor-top-column elementor-element elementor-element-97fe7a9\" data-id=\"97fe7a9\" data-element_type=\"column\" data-e-type=\"column\">\n\t\t\t<div class=\"elementor-widget-wrap elementor-element-populated\">\n\t\t\t\t\t\t<div class=\"elementor-element elementor-element-c7dc75a elementor-view-default elementor-widget elementor-widget-icon\" data-id=\"c7dc75a\" data-element_type=\"widget\" data-e-type=\"widget\" data-widget_type=\"icon.default\">\n\t\t\t\t<div class=\"elementor-widget-container\">\n\t\t\t\t\t\t\t<div class=\"elementor-icon-wrapper\">\n\t\t\t<div class=\"elementor-icon\">\n\t\t\t<i aria-hidden=\"true\" class=\"fab fa-windows\"><\/i>\t\t\t<\/div>\n\t\t<\/div>\n\t\t\t\t\t\t<\/div>\n\t\t\t\t<\/div>\n\t\t\t\t\t<\/div>\n\t\t<\/div>\n\t\t\t\t\t<\/div>\n\t\t<\/section>\n\t\t\t\t<section class=\"elementor-section elementor-top-section elementor-element elementor-element-d72bfa4 elementor-section-boxed elementor-section-height-default elementor-section-height-default\" data-id=\"d72bfa4\" data-element_type=\"section\" data-e-type=\"section\">\n\t\t\t\t\t\t<div class=\"elementor-container elementor-column-gap-default\">\n\t\t\t\t\t<div class=\"elementor-column elementor-col-100 elementor-top-column elementor-element elementor-element-d1065a0\" data-id=\"d1065a0\" data-element_type=\"column\" data-e-type=\"column\">\n\t\t\t<div class=\"elementor-widget-wrap elementor-element-populated\">\n\t\t\t\t\t\t<div class=\"elementor-element elementor-element-c10d9f8 elementor-widget-divider--view-line elementor-widget elementor-widget-divider\" data-id=\"c10d9f8\" data-element_type=\"widget\" data-e-type=\"widget\" data-widget_type=\"divider.default\">\n\t\t\t\t<div class=\"elementor-widget-container\">\n\t\t\t\t\t\t\t<div class=\"elementor-divider\">\n\t\t\t<span class=\"elementor-divider-separator\">\n\t\t\t\t\t\t<\/span>\n\t\t<\/div>\n\t\t\t\t\t\t<\/div>\n\t\t\t\t<\/div>\n\t\t\t\t\t<\/div>\n\t\t<\/div>\n\t\t\t\t\t<\/div>\n\t\t<\/section>\n\t\t\t\t<section class=\"elementor-section elementor-top-section elementor-element elementor-element-83b6274 elementor-section-boxed elementor-section-height-default elementor-section-height-default\" data-id=\"83b6274\" data-element_type=\"section\" data-e-type=\"section\">\n\t\t\t\t\t\t<div class=\"elementor-container elementor-column-gap-default\">\n\t\t\t\t\t<div class=\"elementor-column elementor-col-66 elementor-top-column elementor-element elementor-element-8d99886\" data-id=\"8d99886\" data-element_type=\"column\" data-e-type=\"column\">\n\t\t\t<div class=\"elementor-widget-wrap elementor-element-populated\">\n\t\t\t\t\t\t<div class=\"elementor-element elementor-element-141677e elementor-widget elementor-widget-text-editor\" data-id=\"141677e\" data-element_type=\"widget\" data-e-type=\"widget\" data-widget_type=\"text-editor.default\">\n\t\t\t\t<div class=\"elementor-widget-container\">\n\t\t\t\t\t\t\t\t\t<p style=\"text-align: center;\"><strong>Ottimizzazioni tecniche<\/strong><\/p><p>Assicurarsi che i cavi siano ben inseriti nei connettori, sulle connessioni in fibra maneggiare con attenzione la bretella ottica che potrebbe rompersi con estrema facilit\u00e0.<\/p><p>Per ottenere le massime performance in termini di velocit\u00e0 si consiglia, ove possibile di collegare i dispositivi via cavo o in alternativa di utilizzare un router WiFi 6 o dual band 5Ghz.\u00a0<\/p>\t\t\t\t\t\t\t\t<\/div>\n\t\t\t\t<\/div>\n\t\t\t\t\t<\/div>\n\t\t<\/div>\n\t\t\t\t<div class=\"elementor-column elementor-col-33 elementor-top-column elementor-element elementor-element-9c4cf32\" data-id=\"9c4cf32\" data-element_type=\"column\" data-e-type=\"column\">\n\t\t\t<div class=\"elementor-widget-wrap elementor-element-populated\">\n\t\t\t\t\t\t<div class=\"elementor-element elementor-element-abad057 elementor-view-default elementor-widget elementor-widget-icon\" data-id=\"abad057\" data-element_type=\"widget\" data-e-type=\"widget\" data-widget_type=\"icon.default\">\n\t\t\t\t<div class=\"elementor-widget-container\">\n\t\t\t\t\t\t\t<div class=\"elementor-icon-wrapper\">\n\t\t\t<div class=\"elementor-icon\">\n\t\t\t<i aria-hidden=\"true\" class=\"fas fa-network-wired\"><\/i>\t\t\t<\/div>\n\t\t<\/div>\n\t\t\t\t\t\t<\/div>\n\t\t\t\t<\/div>\n\t\t\t\t\t<\/div>\n\t\t<\/div>\n\t\t\t\t\t<\/div>\n\t\t<\/section>\n\t\t\t\t<section class=\"elementor-section elementor-top-section elementor-element elementor-element-404032a elementor-section-boxed elementor-section-height-default elementor-section-height-default\" data-id=\"404032a\" data-element_type=\"section\" data-e-type=\"section\">\n\t\t\t\t\t\t<div class=\"elementor-container elementor-column-gap-default\">\n\t\t\t\t\t<div class=\"elementor-column elementor-col-100 elementor-top-column elementor-element elementor-element-9944ce3\" data-id=\"9944ce3\" data-element_type=\"column\" data-e-type=\"column\">\n\t\t\t<div class=\"elementor-widget-wrap elementor-element-populated\">\n\t\t\t\t\t\t<div class=\"elementor-element elementor-element-ed87186 elementor-widget-divider--view-line elementor-widget elementor-widget-divider\" data-id=\"ed87186\" data-element_type=\"widget\" data-e-type=\"widget\" data-widget_type=\"divider.default\">\n\t\t\t\t<div class=\"elementor-widget-container\">\n\t\t\t\t\t\t\t<div class=\"elementor-divider\">\n\t\t\t<span class=\"elementor-divider-separator\">\n\t\t\t\t\t\t<\/span>\n\t\t<\/div>\n\t\t\t\t\t\t<\/div>\n\t\t\t\t<\/div>\n\t\t\t\t\t<\/div>\n\t\t<\/div>\n\t\t\t\t\t<\/div>\n\t\t<\/section>\n\t\t\t\t<section class=\"elementor-section elementor-top-section elementor-element elementor-element-c7c62aa elementor-section-boxed elementor-section-height-default elementor-section-height-default\" data-id=\"c7c62aa\" data-element_type=\"section\" data-e-type=\"section\">\n\t\t\t\t\t\t<div class=\"elementor-container elementor-column-gap-default\">\n\t\t\t\t\t<div class=\"elementor-column elementor-col-33 elementor-top-column elementor-element elementor-element-9834384\" data-id=\"9834384\" data-element_type=\"column\" data-e-type=\"column\">\n\t\t\t<div class=\"elementor-widget-wrap elementor-element-populated\">\n\t\t\t\t\t\t<div class=\"elementor-element elementor-element-29821f3 elementor-view-default elementor-widget elementor-widget-icon\" data-id=\"29821f3\" data-element_type=\"widget\" data-e-type=\"widget\" data-widget_type=\"icon.default\">\n\t\t\t\t<div class=\"elementor-widget-container\">\n\t\t\t\t\t\t\t<div class=\"elementor-icon-wrapper\">\n\t\t\t<div class=\"elementor-icon\">\n\t\t\t<i aria-hidden=\"true\" class=\"fas fa-tachometer-alt\"><\/i>\t\t\t<\/div>\n\t\t<\/div>\n\t\t\t\t\t\t<\/div>\n\t\t\t\t<\/div>\n\t\t\t\t\t<\/div>\n\t\t<\/div>\n\t\t\t\t<div class=\"elementor-column elementor-col-66 elementor-top-column elementor-element elementor-element-5a55020\" data-id=\"5a55020\" data-element_type=\"column\" data-e-type=\"column\">\n\t\t\t<div class=\"elementor-widget-wrap elementor-element-populated\">\n\t\t\t\t\t\t<div class=\"elementor-element elementor-element-e43452e elementor-widget elementor-widget-text-editor\" data-id=\"e43452e\" data-element_type=\"widget\" data-e-type=\"widget\" data-widget_type=\"text-editor.default\">\n\t\t\t\t<div class=\"elementor-widget-container\">\n\t\t\t\t\t\t\t\t\t<p style=\"text-align: center;\"><strong>Come misurare la velocit\u00e0<\/strong><\/p><p>Lo speed test \u00e8 affidabile <strong>solamente<\/strong> se eseguito\u00a0<\/p><ul><li>VIA CAVO<\/li><li>VIA WiFi 5Ghz dual band (per connessioni fino a 300Mbps, misurate con dispositivi di fascia alta)<\/li><\/ul><ul><li>Utilizzare l&#8217;app ufficiale Speedtest.net disponibile sul Play Store\/Apple Store o per Windows sul Microsoft Store verso un server su rete TIM\/FASTWEB si sconsiglia l&#8217;utilizzo di altri siti speed test (compreso google) per la misurazione in quanto i browser o i siti stessi potrebbero avere componenti non ottimizzate ed eseguirebbero il test verso destinazioni non ottimali che falserebbero il risultato del test.<\/li><\/ul><p>NB. Sulle connessioni Gigabit la potenza del dispositivo che effettua la misurazione pu\u00f2 non essere sufficiente ad acquisire l&#8217;effettiva velocit\u00e0 della linea, infatti le misurazioni dovrebbero essere sempre eseguite da dispositivi di fascia alta con processore almeno equivalente ad i7 ed interfaccia di rete gigabit. In nessun caso sono affidabili i test eseguiti da console, televisori o dispositivi diversi da quelli sopra indicati.\u00a0<\/p><p>Nel caso in cui non si disponga di un dispositivo in grado di misurare la velocit\u00e0 secondo i requisiti indicati \u00e8 possibile contattare il supporto tecnico che potr\u00e0 eseguire una misurazione remota della linea.<\/p>\t\t\t\t\t\t\t\t<\/div>\n\t\t\t\t<\/div>\n\t\t\t\t\t<\/div>\n\t\t<\/div>\n\t\t\t\t\t<\/div>\n\t\t<\/section>\n\t\t\t\t<\/div>\n\t\t","protected":false},"excerpt":{"rendered":"<p>Configurazione della linea Di seguito alcuni consigli utili per ottimizzare la connessione innoXa Ottimizzazioni per PC\/Notebook con Windows Consigliamo di eseguire (come amministratore) la seguente applicazione:TCP OptimizerI parametri da impostare sono i seguenti&#8211; Velocit\u00e0 massima (100+)&#8211; In basso: Optimal&#8211; Applicare e riavviare il PC Non utilizzare pacchetti antivirus che contengono firewall integrati o applicano limitazioni\/filtri&hellip;&nbsp;<a href=\"https:\/\/innoxa.it\/?page_id=1978\" rel=\"bookmark\">Leggi tutto &raquo;<span class=\"screen-reader-text\">Configurazione della linea<\/span><\/a><\/p>\n","protected":false},"author":1,"featured_media":0,"parent":0,"menu_order":0,"comment_status":"closed","ping_status":"closed","template":"elementor_header_footer","meta":{"neve_meta_sidebar":"full-width","neve_meta_container":"","neve_meta_enable_content_width":"on","neve_meta_content_width":100,"neve_meta_title_alignment":"","neve_meta_author_avatar":"","neve_post_elements_order":"","neve_meta_disable_header":"","neve_meta_disable_footer":"","neve_meta_disable_title":"","footnotes":""},"class_list":["post-1978","page","type-page","status-publish","hentry"],"_links":{"self":[{"href":"https:\/\/innoxa.it\/index.php?rest_route=\/wp\/v2\/pages\/1978","targetHints":{"allow":["GET"]}}],"collection":[{"href":"https:\/\/innoxa.it\/index.php?rest_route=\/wp\/v2\/pages"}],"about":[{"href":"https:\/\/innoxa.it\/index.php?rest_route=\/wp\/v2\/types\/page"}],"author":[{"embeddable":true,"href":"https:\/\/innoxa.it\/index.php?rest_route=\/wp\/v2\/users\/1"}],"replies":[{"embeddable":true,"href":"https:\/\/innoxa.it\/index.php?rest_route=%2Fwp%2Fv2%2Fcomments&post=1978"}],"version-history":[{"count":86,"href":"https:\/\/innoxa.it\/index.php?rest_route=\/wp\/v2\/pages\/1978\/revisions"}],"predecessor-version":[{"id":5043,"href":"https:\/\/innoxa.it\/index.php?rest_route=\/wp\/v2\/pages\/1978\/revisions\/5043"}],"wp:attachment":[{"href":"https:\/\/innoxa.it\/index.php?rest_route=%2Fwp%2Fv2%2Fmedia&parent=1978"}],"curies":[{"name":"wp","href":"https:\/\/api.w.org\/{rel}","templated":true}]}}